{"id":535,"date":"2024-10-09T15:01:04","date_gmt":"2024-10-09T15:01:04","guid":{"rendered":"https:\/\/gobeyondself.com\/service\/"},"modified":"2025-01-04T15:32:28","modified_gmt":"2025-01-04T15:32:28","slug":"services","status":"publish","type":"page","link":"https:\/\/gobeyondself.com\/et\/services\/","title":{"rendered":"Teenused"},"content":{"rendered":"<div class=\"wp-block-uagb-container uagb-block-b58a6857 alignfull uagb-is-root-container\"><div class=\"uagb-container-inner-blocks-wrap\">\n<div class=\"wp-block-uagb-advanced-heading uagb-block-72b2fc5c\"><h2 class=\"uagb-heading-text\"><strong>Kuidas GoBeyondSelf saab Sind suunata<\/strong><\/h2><\/div>\n\n\n\n<div class=\"wp-block-uagb-info-box uagb-block-f3a95d72 uagb-infobox__content-wrap  uagb-infobox-icon-above-title uagb-infobox-image-valign-top\"><div class=\"uagb-ifb-content\"><div class=\"uagb-ifb-title-wrap\"><\/div><\/div><\/div>\n\n\n\n<div class=\"wp-block-uagb-container uagb-block-fc874bcf\">\n<p>GoBeyondSelfis pakume unikaalset, empaatilist tuge neile, kes liiguvad l\u00e4bi elu \u00fcleminekute ja otsivad suuremat rahulolu ja sisemist rahu. Olenemata sellest, kas tunnete vajadust uue suuna j\u00e4rele, tegelete kaotusega v\u00f5i otsite lihtsalt taas\u00fchendust, meie l\u00e4henemine aitab teil saavutada sisemise rahu ja selguse tunnet. <br><\/p>\n\n\n\n<p><br>Teenuste hulka kuuluvad:<\/p>\n<\/div>\n<\/div><\/div>\n\n\n\n<div class=\"wp-block-uagb-container uagb-block-6180d998 alignfull uagb-is-root-container\"><div class=\"uagb-container-inner-blocks-wrap\">\n<div class=\"wp-block-uagb-container uagb-block-628d9df7\">\n<div class=\"wp-block-uagb-container uagb-block-fc3b9fca\">\n<div class=\"wp-block-uagb-image alignleft uagb-block-e06a10d8 wp-block-uagb-image--layout-default wp-block-uagb-image--effect-static wp-block-uagb-image--align-left\"><figure class=\"wp-block-uagb-image__figure\"><img decoding=\"async\" srcset=\"https:\/\/gobeyondself.com\/wp-content\/uploads\/2024\/11\/quantum-healing-sessions-768x1024.jpg ,https:\/\/gobeyondself.com\/wp-content\/uploads\/2024\/11\/quantum-healing-sessions-scaled.jpg 780w, https:\/\/gobeyondself.com\/wp-content\/uploads\/2024\/11\/quantum-healing-sessions-scaled.jpg 360w\" sizes=\"auto, (max-width: 480px) 150px\" src=\"https:\/\/gobeyondself.com\/wp-content\/uploads\/2024\/11\/quantum-healing-sessions-768x1024.jpg\" alt=\"\" class=\"uag-image-664\" width=\"560\" height=\"500\" title=\"default\" loading=\"lazy\" role=\"img\"\/><\/figure><\/div>\n<\/div>\n\n\n\n<div class=\"wp-block-uagb-container uagb-block-a106220a\">\n<div class=\"wp-block-uagb-info-box uagb-block-c1796f0d uagb-infobox__content-wrap  uagb-infobox-icon-above-title uagb-infobox-image-valign-top wp-block-uagb-info-box--has-margin\"><div class=\"uagb-infobox-margin-wrapper\"><div class=\"uagb-ifb-content\"><div class=\"uagb-ifb-title-wrap\"><span class=\"uagb-ifb-title-prefix\">01.<\/span><h2 class=\"uagb-ifb-title\">Personaalsed kohtumised<\/h2><\/div><div class=\"uagb-ifb-separator\"><\/div><p class=\"uagb-ifb-desc\">Meie kvanttervenduse kohtumised on m\u00f5eldud neile, kes otsivad s\u00fcgavat transformatsiooni. Kasutades uusimat kvanttehnoloogiat nimega Timewaver, pakuvad need kohtumised ainulaadset l\u00e4henemist tervenemisele ja enesega taas\u00fchinemisele.<br><br> Saksamaal loodud TimeWaver\u2122-tehnoloogia on \u00fcks viimaste aastak\u00fcmnete arenguid alternatiivteaduses, mis aitab m\u00f5ista aine ja teadvuse vahelisi spetsiifilisi seoseid. TimeWaver\u2122 tehnoloogia annab meile juurdep\u00e4\u00e4su infov\u00e4ljale, kus kohtuvad m\u00f5tted, tunded ja tahe. See v\u00f5imaldab anal\u00fc\u00fcsida inimest kui terviklikku olendit erinevatel tasanditel.<br><br>TimeWaver\u2122-seadmed teevad oma t\u00f6\u00f6d infov\u00e4lja peentasandil. Nad v\u00f5imaldavad anal\u00fc\u00fcsida ja uurida konkreetse inimese energeetilist ja ka selle aluseks olevat ps\u00fchhoemotsionaalset seisundit. TimeWaver\u2122-seadmete abil saab n\u00f5ustaja aidata n\u00e4iteks ka f\u00fc\u00fcsiliselt tervel inimesel tuvastada potentsiaalselt kujunevat stressi ja selle algp\u00f5hjuseid, et ennetada ka teatud tasandi haigestumisprotsesse juba varakult. TimeWaver\u2122-seadmete kasutamine avab uue m\u00f5\u00f5tme tervise- ja muude eluprobleemide p\u00f5hjuste ja tagaj\u00e4rgede k\u00f5rvaldamisel, pakkudes inimesele terviklikku \u00fcmberkorraldust v\u00f5i tervenemist tema enda infov\u00e4ljas.<\/p><\/div><\/div><\/div>\n<\/div>\n<\/div>\n\n\n\n<div class=\"wp-block-uagb-separator uagb-block-b241b47b\"><div class=\"wp-block-uagb-separator__inner\" style=\"--my-background-image:\"><\/div><\/div>\n\n\n\n<div class=\"wp-block-uagb-container uagb-block-7e85c889\">\n<div class=\"wp-block-uagb-container uagb-block-4541bc32\">\n<div class=\"wp-block-uagb-info-box uagb-block-812031ae uagb-infobox__content-wrap  uagb-infobox-icon-above-title uagb-infobox-image-valign-top wp-block-uagb-info-box--has-margin\"><div class=\"uagb-infobox-margin-wrapper\"><div class=\"uagb-ifb-content\"><div class=\"uagb-ifb-title-wrap\"><span class=\"uagb-ifb-title-prefix\">02.<\/span><h2 class=\"uagb-ifb-title\">Holistilise coachingu progammid<\/h2><\/div><div class=\"uagb-ifb-separator\"><\/div><p class=\"uagb-ifb-desc\">Aastatuhandeid on iidsed p\u00f5lisrahvad andnud edasi oma tarkust, mis p\u00f5hineb universaalsetel loodusseadustel. On teada, et k\u00f5ik religioonid, filosoofiad, \u00f5petused jne, mida t\u00e4nap\u00e4eval kogu inimkonnas kasutatakse, p\u00e4rinevad nendest samadest algsetest \u00f5petustest, kuid on neid moonutanud. Algseid \u00f5petusi moonutamata ja neid algup\u00e4raselt austades saab p\u00f5lisrahvaste tarkust rakendada t\u00e4nap\u00e4eva elus, luues t\u00e4ielikku harmooniat, rahulolu ja v\u00f5imet n\u00e4ha elu ja iseenda s\u00fcgavamaid kihte.<br><br>Meie terviklikud coachingu-programmid on m\u00f5eldud inimestele, kes on oma teekonna mis tahes etapis. Liis \u00d5una loodud programm \u00fchendab endas iidset tarkust, praktilisi strateegiaid ja kaasaegseid tehnikaid, mis keskenduvad terviklikule arengule. \u00dcks-\u00fchele seansside kaudu uurivad kliendid oma eesm\u00e4rke, seisavad silmitsi piiravate uskumuste teadvustamisega ja loovad edu saavutamiseks rakendatavaid plaane. Coaching-protsessis r\u00f5hutatakse eneseleidmist, suunates klienti kasutama oma loomup\u00e4raseid ressursse. Tugeva tugis\u00fcsteemiga saavutate selguse ja enesekindluse, mis annab teile v\u00f5imaluse oma \u00fcmberkujundamiseks ja v\u00f5imaldab teil t\u00f5eliselt minna iseenesest edasi.<\/p><\/div><\/div><\/div>\n<\/div>\n\n\n\n<div class=\"wp-block-uagb-container uagb-block-9873aa12\">\n<div class=\"wp-block-uagb-image alignleft uagb-block-d39ce795 wp-block-uagb-image--layout-default wp-block-uagb-image--effect-static wp-block-uagb-image--align-left\"><figure class=\"wp-block-uagb-image__figure\"><img decoding=\"async\" srcset=\"https:\/\/gobeyondself.com\/wp-content\/uploads\/2024\/11\/holistic-coaching-programs-1024x755.jpg ,https:\/\/gobeyondself.com\/wp-content\/uploads\/2024\/11\/holistic-coaching-programs-scaled.jpg 780w, https:\/\/gobeyondself.com\/wp-content\/uploads\/2024\/11\/holistic-coaching-programs-scaled.jpg 360w\" sizes=\"auto, (max-width: 480px) 150px\" src=\"https:\/\/gobeyondself.com\/wp-content\/uploads\/2024\/11\/holistic-coaching-programs-1024x755.jpg\" alt=\"\" class=\"uag-image-662\" width=\"560\" height=\"500\" title=\"holistic coaching programs\" loading=\"lazy\" role=\"img\"\/><\/figure><\/div>\n<\/div>\n<\/div>\n\n\n\n<div class=\"wp-block-uagb-separator uagb-block-746aac88\"><div class=\"wp-block-uagb-separator__inner\" style=\"--my-background-image:\"><\/div><\/div>\n\n\n\n<div class=\"wp-block-uagb-container uagb-block-fd7fd3e9\">\n<div class=\"wp-block-uagb-container uagb-block-95fd0d38\">\n<div class=\"wp-block-uagb-image alignleft uagb-block-b08d3640 wp-block-uagb-image--layout-default wp-block-uagb-image--effect-static wp-block-uagb-image--align-left\"><figure class=\"wp-block-uagb-image__figure\"><img decoding=\"async\" srcset=\"https:\/\/gobeyondself.com\/wp-content\/uploads\/2024\/11\/self-discovery-retreats-1024x768.jpg ,https:\/\/gobeyondself.com\/wp-content\/uploads\/2024\/11\/self-discovery-retreats-scaled.jpg 780w, https:\/\/gobeyondself.com\/wp-content\/uploads\/2024\/11\/self-discovery-retreats-scaled.jpg 360w\" sizes=\"auto, (max-width: 480px) 150px\" src=\"https:\/\/gobeyondself.com\/wp-content\/uploads\/2024\/11\/self-discovery-retreats-1024x768.jpg\" alt=\"\" class=\"uag-image-660\" width=\"560\" height=\"500\" title=\"default\" loading=\"lazy\" role=\"img\"\/><\/figure><\/div>\n<\/div>\n\n\n\n<div class=\"wp-block-uagb-container uagb-block-bfb213a7\">\n<div class=\"wp-block-uagb-info-box uagb-block-518dc936 uagb-infobox__content-wrap  uagb-infobox-icon-above-title uagb-infobox-image-valign-top wp-block-uagb-info-box--has-margin\"><div class=\"uagb-infobox-margin-wrapper\"><div class=\"uagb-ifb-content\"><div class=\"uagb-ifb-title-wrap\"><span class=\"uagb-ifb-title-prefix\">03.<\/span><h2 class=\"uagb-ifb-title\">Eneseotsingu retriidid<\/h2><\/div><div class=\"uagb-ifb-separator\"><\/div><p class=\"uagb-ifb-desc\">Meie eneseotsingu retriidid pakuvad ainulaadset v\u00f5imalust eemalduda igap\u00e4evasest kiirest tegevusest. Need rahulikus keskkonnas toimuvad retriidid keskenduvad s\u00fcgavale hingetasandi tervenemisele ja \u00fchendusele. Osalejad osalevad t\u00f6\u00f6tubades, juhendatud meditatsioonides ja kvantmuutuse protsessides. Liis \u00d5una juhitud retriidid loovad turvalise ruumi isiklikuks eneseavastuseks ja -arenguks. \u00dchendage end kogukonnaga, jagage kogemusi ja avastage kollektiivseid energiaid, mis toetavad teie teekonda. Need transformatiivsed kogemused j\u00e4tavad osalejad uuenenud, inspireeritud ja varustatud t\u00f6\u00f6riistadega, et j\u00e4tkata oma eneseavastuse teed.<\/p><\/div><\/div><\/div>\n<\/div>\n<\/div>\n\n\n\n<div class=\"wp-block-uagb-separator uagb-block-e3f81b60\"><div class=\"wp-block-uagb-separator__inner\" style=\"--my-background-image:\"><\/div><\/div>\n\n\n\n<div class=\"wp-block-uagb-container uagb-block-6c39df98\">\n<div class=\"wp-block-uagb-container uagb-block-b9fa217f\">\n<div class=\"wp-block-uagb-info-box uagb-block-604ec268 uagb-infobox__content-wrap  uagb-infobox-icon-above-title uagb-infobox-image-valign-top wp-block-uagb-info-box--has-margin\"><div class=\"uagb-infobox-margin-wrapper\"><div class=\"uagb-ifb-content\"><div class=\"uagb-ifb-title-wrap\"><span class=\"uagb-ifb-title-prefix\">04.<\/span><h2 class=\"uagb-ifb-title\">Veebip\u00f5hised kohtumised<\/h2><\/div><div class=\"uagb-ifb-separator\"><\/div><p class=\"uagb-ifb-desc\">Meie veebip\u00f5hised kohtumised pakuvad paindlikkust ja mugavust, ning ei sekku inimese loomulikku teekonda oma s\u00fcgavuses. Need kohtumised on loodud \u00fclemaailmselt ligip\u00e4\u00e4setavaks ja kasutades erinevaid digitaalseid vahendeid, on v\u00f5imalik luua ka tuntav muutuseprotsess. Liis \u00d5una spetsialiteet pakub personaalset juhendamist, mis on kohandatud iga kliendi vajadustele. Kliendid osalevad transformeerivates praktikates, mis h\u00f5lbustavad tervenemist ja enesevaatlust, ja seda k\u00f5ike mugavalt oma kodust. Veebikeskkond soodustab \u00fchenduse ja kogukonna tunnet, kuna osalejad jagavad soovi korral ka oma teekonda. Kogege transformatsiooni j\u00f5udu s\u00f5ltumata oma asukohast.<\/p><\/div><\/div><\/div>\n<\/div>\n\n\n\n<div class=\"wp-block-uagb-container uagb-block-842b92c5\">\n<div class=\"wp-block-uagb-image alignleft uagb-block-f02e781c wp-block-uagb-image--layout-default wp-block-uagb-image--effect-static wp-block-uagb-image--align-left\"><figure class=\"wp-block-uagb-image__figure\"><img decoding=\"async\" srcset=\"https:\/\/gobeyondself.com\/wp-content\/uploads\/2024\/12\/4L6A8898-1-1024x819.jpg ,https:\/\/gobeyondself.com\/wp-content\/uploads\/2024\/12\/4L6A8898-1-scaled.jpg 780w, https:\/\/gobeyondself.com\/wp-content\/uploads\/2024\/12\/4L6A8898-1-scaled.jpg 360w\" sizes=\"auto, (max-width: 480px) 150px\" src=\"https:\/\/gobeyondself.com\/wp-content\/uploads\/2024\/12\/4L6A8898-1-1024x819.jpg\" alt=\"\" class=\"uag-image-696\" width=\"560\" height=\"500\" title=\"4L6A8898 (1)\" loading=\"lazy\" role=\"img\"\/><\/figure><\/div>\n<\/div>\n<\/div>\n<\/div><\/div>\n\n\n\n<div class=\"wp-block-uagb-container uagb-block-0d92c2ce alignfull uagb-is-root-container\"><div class=\"uagb-container-inner-blocks-wrap\">\n<div class=\"wp-block-uagb-info-box uagb-block-dbde4be2 uagb-infobox__content-wrap  uagb-infobox-icon-above-title uagb-infobox-image-valign-top wp-block-uagb-info-box--has-margin\"><div class=\"uagb-infobox-margin-wrapper\"><div class=\"uagb-ifb-content\"><div class=\"uagb-ifb-title-wrap\"><span class=\"uagb-ifb-title-prefix\">Astu esimene samm<\/span><h3 class=\"uagb-ifb-title\">Alusta oma teekonda t\u00e4na<\/h3><\/div><p class=\"uagb-ifb-desc\">V\u00f5ta \u00fchendust, et uurida, kuidas saad oma elu muuta ja oma t\u00f5elist mina avastada.<\/p><div class=\"uagb-ifb-button-wrapper wp-block-button\"><a href=\"\/contact\/\" class=\"uagb-infobox-cta-link wp-block-button__link\" target=\"_self\" rel=\"noopener noreferrer\" onclick=\"return true;\" alt=\"\"><span class=\"uagb-inline-editing\">Alustan n\u00fc\u00fcd<\/span><\/a><\/div><\/div><\/div><\/div>\n<\/div><\/div>","protected":false},"excerpt":{"rendered":"<p>How GoBeyondSelf Can Guide You At GoBeyondSelf, I offer tailored, empathetic support for those navigating life\u2019s transitions and seeking greater [&hellip;]<\/p>","protected":false},"author":1,"featured_media":0,"parent":0,"menu_order":3,"comment_status":"closed","ping_status":"closed","template":"","meta":{"_surecart_dashboard_logo_width":"180px","_surecart_dashboard_show_logo":true,"_surecart_dashboard_navigation_orders":true,"_surecart_dashboard_navigation_invoices":true,"_surecart_dashboard_navigation_subscriptions":true,"_surecart_dashboard_navigation_downloads":true,"_surecart_dashboard_navigation_billing":true,"_surecart_dashboard_navigation_account":true,"_uag_custom_page_level_css":"","_monsterinsights_skip_tracking":false,"_monsterinsights_sitenote_active":false,"_monsterinsights_sitenote_note":"","_monsterinsights_sitenote_category":0,"site-sidebar-layout":"default","site-content-layout":"","ast-site-content-layout":"default","site-content-style":"default","site-sidebar-style":"default","ast-global-header-display":"","ast-banner-title-visibility":"","ast-main-header-display":"","ast-hfb-above-header-display":"","ast-hfb-below-header-display":"","ast-hfb-mobile-header-display":"","site-post-title":"disabled","ast-breadcrumbs-content":"","ast-featured-img":"","footer-sml-layout":"","ast-disable-related-posts":"","theme-transparent-header-meta":"enabled","adv-header-id-meta":"","stick-header-meta":"","header-above-stick-meta":"","header-main-stick-meta":"","header-below-stick-meta":"","astra-migrate-meta-layouts":"default","ast-page-background-enabled":"default","ast-page-background-meta":{"desktop":{"background-color":"var(--ast-global-color-4)","background-image":"","background-repeat":"repeat","background-position":"center center","background-size":"auto","background-attachment":"scroll","background-type":"","background-media":"","overlay-type":"","overlay-color":"","overlay-opacity":"","overlay-gradient":""},"tablet":{"background-color":"","background-image":"","background-repeat":"repeat","background-position":"center center","background-size":"auto","background-attachment":"scroll","background-type":"","background-media":"","overlay-type":"","overlay-color":"","overlay-opacity":"","overlay-gradient":""},"mobile":{"background-color":"","background-image":"","background-repeat":"repeat","background-position":"center center","background-size":"auto","background-attachment":"scroll","background-type":"","background-media":"","overlay-type":"","overlay-color":"","overlay-opacity":"","overlay-gradient":""}},"ast-content-background-meta":{"desktop":{"background-color":"var(--ast-global-color-5)","background-image":"","background-repeat":"repeat","background-position":"center center","background-size":"auto","background-attachment":"scroll","background-type":"","background-media":"","overlay-type":"","overlay-color":"","overlay-opacity":"","overlay-gradient":""},"tablet":{"background-color":"var(--ast-global-color-5)","background-image":"","background-repeat":"repeat","background-position":"center center","background-size":"auto","background-attachment":"scroll","background-type":"","background-media":"","overlay-type":"","overlay-color":"","overlay-opacity":"","overlay-gradient":""},"mobile":{"background-color":"var(--ast-global-color-5)","background-image":"","background-repeat":"repeat","background-position":"center center","background-size":"auto","background-attachment":"scroll","background-type":"","background-media":"","overlay-type":"","overlay-color":"","overlay-opacity":"","overlay-gradient":""}},"footnotes":""},"class_list":["post-535","page","type-page","status-publish","hentry"],"uagb_featured_image_src":{"full":false,"thumbnail":false,"medium":false,"medium_large":false,"large":false,"1536x1536":false,"2048x2048":false,"trp-custom-language-flag":false,"woocommerce_thumbnail":false,"woocommerce_single":false,"woocommerce_gallery_thumbnail":false},"uagb_author_info":{"display_name":"gobeyondself","author_link":"https:\/\/gobeyondself.com\/et\/author\/gobeyondself\/"},"uagb_comment_info":0,"uagb_excerpt":"How GoBeyondSelf Can Guide You At GoBeyondSelf, I offer tailored, empathetic support for those navigating life\u2019s transitions and seeking greater [&hellip;]","_links":{"self":[{"href":"https:\/\/gobeyondself.com\/et\/wp-json\/wp\/v2\/pages\/535","targetHints":{"allow":["GET"]}}],"collection":[{"href":"https:\/\/gobeyondself.com\/et\/wp-json\/wp\/v2\/pages"}],"about":[{"href":"https:\/\/gobeyondself.com\/et\/wp-json\/wp\/v2\/types\/page"}],"author":[{"embeddable":true,"href":"https:\/\/gobeyondself.com\/et\/wp-json\/wp\/v2\/users\/1"}],"replies":[{"embeddable":true,"href":"https:\/\/gobeyondself.com\/et\/wp-json\/wp\/v2\/comments?post=535"}],"version-history":[{"count":5,"href":"https:\/\/gobeyondself.com\/et\/wp-json\/wp\/v2\/pages\/535\/revisions"}],"predecessor-version":[{"id":697,"href":"https:\/\/gobeyondself.com\/et\/wp-json\/wp\/v2\/pages\/535\/revisions\/697"}],"wp:attachment":[{"href":"https:\/\/gobeyondself.com\/et\/wp-json\/wp\/v2\/media?parent=535"}],"curies":[{"name":"wp","href":"https:\/\/api.w.org\/{rel}","templated":true}]}}