{"id":534,"date":"2024-10-09T15:01:04","date_gmt":"2024-10-09T15:01:04","guid":{"rendered":"https:\/\/gobeyondself.com\/about\/"},"modified":"2025-01-04T15:26:18","modified_gmt":"2025-01-04T15:26:18","slug":"about","status":"publish","type":"page","link":"https:\/\/gobeyondself.com\/et\/about\/","title":{"rendered":"Minust"},"content":{"rendered":"<div class=\"wp-block-uagb-container uagb-block-b58a6857 alignfull uagb-is-root-container\"><div class=\"uagb-container-inner-blocks-wrap\">\n<div class=\"wp-block-uagb-info-box uagb-block-f3a95d72 uagb-infobox__content-wrap  uagb-infobox-icon-above-title uagb-infobox-image-valign-top\"><div class=\"uagb-ifb-content\"><div class=\"uagb-ifb-title-wrap\"><span class=\"uagb-ifb-title-prefix\">\u00c4rata oma sisemine potentsiaal<\/span><h1 class=\"uagb-ifb-title\">Navigeeri elu ts\u00fcklilisuses s\u00fcgava tarkusega<\/h1><\/div><\/div><\/div>\n<\/div><\/div>\n\n\n\n<div class=\"wp-block-uagb-container uagb-block-6180d998 alignfull uagb-is-root-container\"><div class=\"uagb-container-inner-blocks-wrap\">\n<div class=\"wp-block-uagb-container uagb-block-73803a7d\">\n<div class=\"wp-block-uagb-image alignleft uagb-block-f4eb2ae2 wp-block-uagb-image--layout-default wp-block-uagb-image--effect-static wp-block-uagb-image--align-left\"><figure class=\"wp-block-uagb-image__figure\"><img decoding=\"async\" srcset=\"https:\/\/gobeyondself.com\/wp-content\/uploads\/2024\/12\/4L6A8805-1024x683.jpg ,https:\/\/gobeyondself.com\/wp-content\/uploads\/2024\/12\/4L6A8805-scaled.jpg 780w, https:\/\/gobeyondself.com\/wp-content\/uploads\/2024\/12\/4L6A8805-scaled.jpg 360w\" sizes=\"auto, (max-width: 480px) 150px\" src=\"https:\/\/gobeyondself.com\/wp-content\/uploads\/2024\/12\/4L6A8805-1024x683.jpg\" alt=\"\" class=\"uag-image-694\" width=\"552\" height=\"550\" title=\"4L6A8805\" loading=\"lazy\" role=\"img\"\/><\/figure><\/div>\n<\/div>\n\n\n\n<div class=\"wp-block-uagb-container uagb-block-a106220a\">\n<div class=\"wp-block-uagb-info-box uagb-block-c1796f0d uagb-infobox__content-wrap  uagb-infobox-icon-above-title uagb-infobox-image-valign-top\"><div class=\"uagb-ifb-content\"><div class=\"uagb-ifb-title-wrap\"><span class=\"uagb-ifb-title-prefix\"><strong>MEIST<\/strong><\/span><h2 class=\"uagb-ifb-title\">Teekond isikliku transformatsiooni suunas<\/h2><\/div><div class=\"uagb-ifb-separator\"><\/div><p class=\"uagb-ifb-desc\">GoBeyondSelf on Liis \u00d5una isiklik kaubam\u00e4rk, kes on transformeeriv holistiline n\u00f5ustaja. Ta on p\u00fchendunud inimeste juhendamisele nende eneseotsingu ja tervenemise teekonnal. \u00dchendades kvanttehnoloogiat iidse tarkusega, aitab Liis klientidel avastada oma t\u00f5elist mina.<\/p><\/div><\/div>\n\n\n\n<div class=\"wp-block-uagb-advanced-heading uagb-block-6df75469\"><p class=\"uagb-desc-text\">L\u00e4bi oma laialdase kogemuse ja transformatiivse tervendava teekonna on Liis edukalt andnud sadadele klientidele v\u00f5imaluse kasutada oma varjatud sisemisi ressursse, aidates kaasa s\u00fcgavale enese avastamisele ja tervenemisele, mis \u00fcletab traditsioonilised meetodid.<\/p><\/div>\n<\/div>\n<\/div><\/div>\n\n\n\n<div class=\"wp-block-uagb-container uagb-block-4844c372 alignfull uagb-is-root-container\"><div class=\"uagb-container-inner-blocks-wrap\">\n<div class=\"wp-block-uagb-info-box uagb-block-10403128 uagb-infobox__content-wrap  uagb-infobox-icon-above-title uagb-infobox-image-valign-top\"><div class=\"uagb-ifb-content\"><div class=\"uagb-ifb-title-wrap\"><span class=\"uagb-ifb-title-prefix\">MEIE P\u00dcHNDUMUS<\/span><h2 class=\"uagb-ifb-title\">GoBeyondSelfi missioon ja v\u00e4\u00e4rtused<\/h2><\/div><div class=\"uagb-ifb-separator\"><\/div><\/div><\/div>\n\n\n\n<div class=\"wp-block-uagb-container uagb-block-cbeecd5d\">\n<div class=\"wp-block-uagb-info-box uagb-block-a485eae5 uagb-infobox__content-wrap  uagb-infobox-icon-above-title uagb-infobox-image-valign-top\"><div class=\"uagb-ifb-content\"><div class=\"uagb-ifb-title-wrap\"><span class=\"uagb-ifb-title-prefix\">Meie eesm\u00e4rk<\/span><h3 class=\"uagb-ifb-title\">Sinu eheda p\u00e4ris olemuse n\u00e4htavale tulemine<\/h3><\/div><p class=\"uagb-ifb-desc\">Individuaalse coachingu ja toetavate meetodite abil toetame sind \u00fchiskondliku tingimuste ja ootuste kihtide eemaldamisel. Liis aitab teil avastada oma p\u00f5hiolemust - ainulaadset s\u00e4det, mis teeb teid selleks, kes te olete. Avastage oma t\u00f5eline olemus, v\u00f5tke tagasi oma v\u00e4gi ja astuge julgelt oma k\u00f5ige autentsema v\u00e4ljenduse juurde.<\/p><\/div><\/div>\n\n\n\n<div class=\"wp-block-uagb-separator uagb-block-a1163d07\"><div class=\"wp-block-uagb-separator__inner\" style=\"--my-background-image:\"><\/div><\/div>\n\n\n\n<div class=\"wp-block-uagb-info-box uagb-block-619321b6 uagb-infobox__content-wrap  uagb-infobox-icon-above-title uagb-infobox-image-valign-top\"><div class=\"uagb-ifb-content\"><div class=\"uagb-ifb-title-wrap\"><span class=\"uagb-ifb-title-prefix\">P\u00f5hiv\u00e4\u00e4rtused<\/span><h3 class=\"uagb-ifb-title\">Mis meid inspireerivad<\/h3><\/div><p class=\"uagb-ifb-desc\">GoBeyondSelfis usume, et loomulike eluts\u00fcklite m\u00f5istmine ja austamine on iseendaga harmoonias ja koosk\u00f5las elamise v\u00f5ti. Liis jagab p\u00f5lisrahvaste traditsioonide aegumatut tarkust, andes teile v\u00f5imaluse voolata koos teie isikliku teekonna r\u00fctmidega. \u00d5ppige omaks v\u00f5tma muutusi, kasutage oma sisemisi ressursse ja kasvatage s\u00fcgavat tasakaalutunnet.<\/p><\/div><\/div>\n<\/div>\n<\/div><\/div>\n\n\n\n<div class=\"wp-block-uagb-container uagb-block-3e525422 alignfull uagb-is-root-container\"><div class=\"uagb-container-inner-blocks-wrap\">\n<div class=\"wp-block-uagb-image alignleft uagb-block-661124e1 wp-block-uagb-image--layout-default wp-block-uagb-image--effect-static wp-block-uagb-image--align-left\"><figure class=\"wp-block-uagb-image__figure\"><img decoding=\"async\" srcset=\"https:\/\/gobeyondself.com\/wp-content\/uploads\/2024\/11\/personal-growth-and-transformation-1024x768.jpg ,https:\/\/gobeyondself.com\/wp-content\/uploads\/2024\/11\/personal-growth-and-transformation-scaled.jpg 780w, https:\/\/gobeyondself.com\/wp-content\/uploads\/2024\/11\/personal-growth-and-transformation-scaled.jpg 360w\" sizes=\"auto, (max-width: 480px) 150px\" src=\"https:\/\/gobeyondself.com\/wp-content\/uploads\/2024\/11\/personal-growth-and-transformation-1024x768.jpg\" alt=\"\" class=\"uag-image-658\" width=\"1200\" height=\"500\" title=\"default\" loading=\"lazy\" role=\"img\"\/><\/figure><\/div>\n\n\n\n<div class=\"wp-block-uagb-container uagb-block-15bb3b6b\">\n<div class=\"wp-block-uagb-info-box uagb-block-0c90adf6 uagb-infobox__content-wrap  uagb-infobox-icon-above-title uagb-infobox-image-valign-top\"><div class=\"uagb-ifb-content\"><div class=\"uagb-ifb-title-wrap\"><span class=\"uagb-ifb-title-prefix\">meie teekond<\/span><h2 class=\"uagb-ifb-title\">GoBeyondSelf br\u00e4ndi alged<\/h2><\/div><div class=\"uagb-ifb-separator\"><\/div><\/div><\/div>\n\n\n\n<div class=\"wp-block-uagb-advanced-heading uagb-block-8ac89c35\"><p class=\"uagb-heading-text\">Liis \u00d5un asutas GoBeyondSelf'i, mis s\u00fcndis tema enda transformatsioonilise tervendava teekonna tulemusena. S\u00fcgava kirega isikliku kasvu ja tervikliku tervendamise vastu on Liis \u00d5un p\u00fchendanud oma elu sellele, et juhatada teisi oma t\u00f5elise mina poole. Aastate jooksul on kaubam\u00e4rk p\u00e4lvinud tunnustust oma uuendusliku l\u00e4henemise eest, mis \u00fchendab iidset tarkust ja kaasaegset kvanttehnoloogiat, et h\u00f5lbustada s\u00fcgavat arengut.<\/p><p class=\"uagb-desc-text\">GoBeyondSelf on algusest peale teeninud kliente \u00fcle maailma, luues \u00fclemaailmse kogukonna, mis on keskendunud eneseotsingutele ja v\u00f5imestamisele. Liisi unikaalsed coachingumeetodid arenevad pidevalt edasi, kohandudes pidevalt oma klientide vajadustele.<\/p><\/div>\n<\/div>\n<\/div><\/div>\n\n\n\n<div class=\"wp-block-uagb-container uagb-block-0d92c2ce alignfull uagb-is-root-container\"><div class=\"uagb-container-inner-blocks-wrap\">\n<div class=\"wp-block-uagb-info-box uagb-block-dbde4be2 uagb-infobox__content-wrap  uagb-infobox-icon-above-title uagb-infobox-image-valign-top wp-block-uagb-info-box--has-margin\"><div class=\"uagb-infobox-margin-wrapper\"><div class=\"uagb-ifb-content\"><div class=\"uagb-ifb-title-wrap\"><span class=\"uagb-ifb-title-prefix\">Astu esimene samm<\/span><h3 class=\"uagb-ifb-title\">Alusta oma teekonda t\u00e4na<\/h3><\/div><p class=\"uagb-ifb-desc\">V\u00f5ta \u00fchendust, et uurida, kuidas saad oma elu muuta ja oma t\u00f5elist mina avastada.<\/p><div class=\"uagb-ifb-button-wrapper wp-block-button\"><a href=\"\/contact\/\" class=\"uagb-infobox-cta-link wp-block-button__link\" target=\"_self\" rel=\"noopener noreferrer\" onclick=\"return true;\" alt=\"\"><span class=\"uagb-inline-editing\">Alustan n\u00fc\u00fcd<\/span><\/a><\/div><\/div><\/div><\/div>\n<\/div><\/div>","protected":false},"excerpt":{"rendered":"<p>Through her extensive experience and transformative healing journey, Liis has successfully empowered hundreds of clients to tap into their hidden [&hellip;]<\/p>","protected":false},"author":1,"featured_media":0,"parent":0,"menu_order":2,"comment_status":"closed","ping_status":"closed","template":"","meta":{"_surecart_dashboard_logo_width":"180px","_surecart_dashboard_show_logo":true,"_surecart_dashboard_navigation_orders":true,"_surecart_dashboard_navigation_invoices":true,"_surecart_dashboard_navigation_subscriptions":true,"_surecart_dashboard_navigation_downloads":true,"_surecart_dashboard_navigation_billing":true,"_surecart_dashboard_navigation_account":true,"_uag_custom_page_level_css":"","_monsterinsights_skip_tracking":false,"_monsterinsights_sitenote_active":false,"_monsterinsights_sitenote_note":"","_monsterinsights_sitenote_category":0,"site-sidebar-layout":"default","site-content-layout":"","ast-site-content-layout":"default","site-content-style":"default","site-sidebar-style":"default","ast-global-header-display":"","ast-banner-title-visibility":"","ast-main-header-display":"","ast-hfb-above-header-display":"","ast-hfb-below-header-display":"","ast-hfb-mobile-header-display":"","site-post-title":"disabled","ast-breadcrumbs-content":"","ast-featured-img":"","footer-sml-layout":"","ast-disable-related-posts":"","theme-transparent-header-meta":"enabled","adv-header-id-meta":"","stick-header-meta":"","header-above-stick-meta":"","header-main-stick-meta":"","header-below-stick-meta":"","astra-migrate-meta-layouts":"default","ast-page-background-enabled":"default","ast-page-background-meta":{"desktop":{"background-color":"var(--ast-global-color-4)","background-image":"","background-repeat":"repeat","background-position":"center center","background-size":"auto","background-attachment":"scroll","background-type":"","background-media":"","overlay-type":"","overlay-color":"","overlay-opacity":"","overlay-gradient":""},"tablet":{"background-color":"","background-image":"","background-repeat":"repeat","background-position":"center center","background-size":"auto","background-attachment":"scroll","background-type":"","background-media":"","overlay-type":"","overlay-color":"","overlay-opacity":"","overlay-gradient":""},"mobile":{"background-color":"","background-image":"","background-repeat":"repeat","background-position":"center center","background-size":"auto","background-attachment":"scroll","background-type":"","background-media":"","overlay-type":"","overlay-color":"","overlay-opacity":"","overlay-gradient":""}},"ast-content-background-meta":{"desktop":{"background-color":"var(--ast-global-color-5)","background-image":"","background-repeat":"repeat","background-position":"center center","background-size":"auto","background-attachment":"scroll","background-type":"","background-media":"","overlay-type":"","overlay-color":"","overlay-opacity":"","overlay-gradient":""},"tablet":{"background-color":"var(--ast-global-color-5)","background-image":"","background-repeat":"repeat","background-position":"center center","background-size":"auto","background-attachment":"scroll","background-type":"","background-media":"","overlay-type":"","overlay-color":"","overlay-opacity":"","overlay-gradient":""},"mobile":{"background-color":"var(--ast-global-color-5)","background-image":"","background-repeat":"repeat","background-position":"center center","background-size":"auto","background-attachment":"scroll","background-type":"","background-media":"","overlay-type":"","overlay-color":"","overlay-opacity":"","overlay-gradient":""}},"footnotes":""},"class_list":["post-534","page","type-page","status-publish","hentry"],"uagb_featured_image_src":{"full":false,"thumbnail":false,"medium":false,"medium_large":false,"large":false,"1536x1536":false,"2048x2048":false,"trp-custom-language-flag":false,"woocommerce_thumbnail":false,"woocommerce_single":false,"woocommerce_gallery_thumbnail":false},"uagb_author_info":{"display_name":"gobeyondself","author_link":"https:\/\/gobeyondself.com\/et\/author\/gobeyondself\/"},"uagb_comment_info":0,"uagb_excerpt":"Through her extensive experience and transformative healing journey, Liis has successfully empowered hundreds of clients to tap into their hidden [&hellip;]","_links":{"self":[{"href":"https:\/\/gobeyondself.com\/et\/wp-json\/wp\/v2\/pages\/534","targetHints":{"allow":["GET"]}}],"collection":[{"href":"https:\/\/gobeyondself.com\/et\/wp-json\/wp\/v2\/pages"}],"about":[{"href":"https:\/\/gobeyondself.com\/et\/wp-json\/wp\/v2\/types\/page"}],"author":[{"embeddable":true,"href":"https:\/\/gobeyondself.com\/et\/wp-json\/wp\/v2\/users\/1"}],"replies":[{"embeddable":true,"href":"https:\/\/gobeyondself.com\/et\/wp-json\/wp\/v2\/comments?post=534"}],"version-history":[{"count":5,"href":"https:\/\/gobeyondself.com\/et\/wp-json\/wp\/v2\/pages\/534\/revisions"}],"predecessor-version":[{"id":695,"href":"https:\/\/gobeyondself.com\/et\/wp-json\/wp\/v2\/pages\/534\/revisions\/695"}],"wp:attachment":[{"href":"https:\/\/gobeyondself.com\/et\/wp-json\/wp\/v2\/media?parent=534"}],"curies":[{"name":"wp","href":"https:\/\/api.w.org\/{rel}","templated":true}]}}